{"id":8430,"date":"2018-06-29T10:08:53","date_gmt":"2018-06-29T10:08:53","guid":{"rendered":"https:\/\/warning-safety.com\/alshowla\/team-member\/"},"modified":"2025-02-20T09:54:25","modified_gmt":"2025-02-20T09:54:25","slug":"team-member","status":"publish","type":"page","link":"https:\/\/warning-safety.com\/alshowla\/team-member\/?lang=ar","title":{"rendered":"Team Member"},"content":{"rendered":"<div class=\"wpb-content-wrapper\"><p>[vc_row full_width=&#8221;stretch_row&#8221; overlay_background=&#8221;primary&#8221; overlay_opacity=&#8221;66&#8243; background_image=&#8221;7732&#8243;][vc_column][tm_spacer size=&#8221;lg:340&#8243;][tm_heading custom_google_font=&#8221;&#8221; text_color=&#8221;custom&#8221; custom_text_color=&#8221;#ffffff&#8221; text=&#8221;Director Of Team Sector&#8221;][tm_spacer size=&#8221;lg:40&#8243;][\/vc_column][\/vc_row][vc_row full_width=&#8221;stretch_row&#8221; content_placement=&#8221;top&#8221; background_color=&#8221;custom&#8221; custom_background_color=&#8221;#f5f5f5&#8243; lg_spacing=&#8221;padding_top:40&#8243;][vc_column][tm_team_member style=&#8221;04&#8243; social_networks=&#8221;%5B%7B%22icon_fontawesome5%22%3A%22fa%20fa-adjust%22%2C%22icon_ion%22%3A%22ion-alert%22%2C%22icon_linea%22%3A%22linea-arrows-anticlockwise%22%2C%22icon_linea_svg%22%3A%22linea-arrows-anticlockwise%22%7D%5D&#8221; photo=&#8221;7746&#8243; name=&#8221;DR. MOHAMED AHMED IBRAHIM ABOSHOUK&#8221; position=&#8221;EGYPT OFFICE MANAGER&#8221;][tm_spacer size=&#8221;lg:40&#8243;][\/vc_column][\/vc_row][vc_row full_width=&#8221;stretch_row&#8221; content_placement=&#8221;top&#8221; background_color=&#8221;custom&#8221; custom_background_color=&#8221;#f5f5f5&#8243; lg_spacing=&#8221;padding_top:40&#8243; el_class=&#8221;center-content&#8221;][vc_column width=&#8221;1\/2&#8243; lg_spacing=&#8221;padding_right:20;padding_left:20&#8243; offset=&#8221;vc_col-lg-5&#8243;][tm_team_member style=&#8221;04&#8243; social_networks=&#8221;%5B%7B%22icon_fontawesome5%22%3A%22fa%20fa-adjust%22%2C%22icon_ion%22%3A%22ion-alert%22%2C%22icon_linea%22%3A%22linea-arrows-anticlockwise%22%2C%22icon_linea_svg%22%3A%22linea-arrows-anticlockwise%22%7D%5D&#8221; custom_border_color=&#8221;#b88743&#8243; photo=&#8221;7707&#8243; name=&#8221;Mahmoud Abdelhamid&#8221; position=&#8221;Team leader of Detailing Department&#8221; lg_spacing=&#8221;border_top:1;border_right:1;border_bottom:1;border_left:1;padding_top:20;padding_right:20;padding_bottom:20;padding_left:20&#8243;][vc_column_text]<\/p>\n<table class=\"member\">\n<tbody>\n<tr>\n<td>Ahmed Mohsen<\/td>\n<\/tr>\n<tr>\n<td>Senior Steel Detailing Engineer<\/td>\n<\/tr>\n<tr>\n<td>Khaled Atef<\/td>\n<\/tr>\n<tr>\n<td>Senior Steel Detailing Engineer<\/td>\n<\/tr>\n<tr>\n<td>Mohamed Ahmed<\/td>\n<\/tr>\n<tr>\n<td>Senior Steel Detailing Engineer<\/td>\n<\/tr>\n<tr>\n<td>Hassan Ali<\/td>\n<\/tr>\n<tr>\n<td>Senior Steel Draftsman<\/td>\n<\/tr>\n<tr>\n<td>Mahmooud Elhashmy<\/td>\n<\/tr>\n<tr>\n<td>Steel Detailing Engineer<\/td>\n<\/tr>\n<tr>\n<td>Youssef Kamal<\/td>\n<\/tr>\n<tr>\n<td>Steel Detailing Engineer<\/td>\n<\/tr>\n<tr>\n<td>Mahmoud Abdelnasser<\/td>\n<\/tr>\n<tr>\n<td>Steel Detailing Engineer<\/td>\n<\/tr>\n<tr>\n<td>Marawan Elameen<\/td>\n<\/tr>\n<tr>\n<td>Steel Detailing Engineer<\/td>\n<\/tr>\n<tr>\n<td>Marko Magdy<\/td>\n<\/tr>\n<tr>\n<td>Steel Detailing Engineer<\/td>\n<\/tr>\n<\/tbody>\n<\/table>\n<p>[\/vc_column_text][\/vc_column][vc_column width=&#8221;1\/2&#8243; lg_spacing=&#8221;padding_right:20;padding_left:20&#8243; offset=&#8221;vc_col-lg-5&#8243;][tm_team_member style=&#8221;04&#8243; social_networks=&#8221;%5B%7B%22icon_fontawesome5%22%3A%22fa%20fa-adjust%22%2C%22icon_ion%22%3A%22ion-alert%22%2C%22icon_linea%22%3A%22linea-arrows-anticlockwise%22%2C%22icon_linea_svg%22%3A%22linea-arrows-anticlockwise%22%7D%5D&#8221; custom_border_color=&#8221;#b88743&#8243; photo=&#8221;7701&#8243; name=&#8221;Ahmed Osama&#8221; position=&#8221;Team Leader Of Steel Structure Department&#8221; lg_spacing=&#8221;border_top:1;border_right:1;border_bottom:1;border_left:1;padding_top:20;padding_right:20;padding_bottom:20;padding_left:20&#8243;][vc_column_text]<\/p>\n<table class=\"member\">\n<tbody>\n<tr>\n<td>Ahmed Shaaban<\/td>\n<\/tr>\n<tr>\n<td>Senior of Steel Engineering Department<\/td>\n<\/tr>\n<tr>\n<td>Kyrolos Zarzor<\/td>\n<\/tr>\n<tr>\n<td>Senior of Steel Engineering Department<\/td>\n<\/tr>\n<tr>\n<td>Ahmed Ezzat<\/td>\n<\/tr>\n<tr>\n<td>Steel Structure Engineer<\/td>\n<\/tr>\n<tr>\n<td>Mohamed Abdelsalam<\/td>\n<\/tr>\n<tr>\n<td>Steel Structure Engineer<\/td>\n<\/tr>\n<tr>\n<td>Mohamed Shaaban<\/td>\n<\/tr>\n<tr>\n<td>Steel Structure Engineer<\/td>\n<\/tr>\n<\/tbody>\n<\/table>\n<p>[\/vc_column_text][\/vc_column][\/vc_row][vc_row full_width=&#8221;stretch_row&#8221; content_placement=&#8221;top&#8221; lg_spacing=&#8221;padding_top:40&#8243; el_class=&#8221;center-content&#8221;][vc_column width=&#8221;1\/2&#8243; lg_spacing=&#8221;padding_right:20;padding_left:20&#8243; offset=&#8221;vc_col-lg-5&#8243;][tm_team_member style=&#8221;04&#8243; social_networks=&#8221;%5B%7B%22icon_fontawesome5%22%3A%22fa%20fa-adjust%22%2C%22icon_ion%22%3A%22ion-alert%22%2C%22icon_linea%22%3A%22linea-arrows-anticlockwise%22%2C%22icon_linea_svg%22%3A%22linea-arrows-anticlockwise%22%7D%5D&#8221; custom_border_color=&#8221;#b88743&#8243; photo=&#8221;7703&#8243; name=&#8221;Nancy Hassan&#8221; position=&#8221;Fa\u00e7ade Manager&#8221; lg_spacing=&#8221;border_top:1;border_right:1;border_bottom:1;border_left:1;padding_top:20;padding_right:20;padding_bottom:20;padding_left:20&#8243;][vc_column_text]<\/p>\n<table class=\"member\">\n<tbody>\n<tr>\n<td>Yasmin Abdalla<\/td>\n<\/tr>\n<tr>\n<td>FA\u00c7ADE Team Leader<\/td>\n<\/tr>\n<tr>\n<td>Norhan Mohamed<\/td>\n<\/tr>\n<tr>\n<td>Senior Fa\u00e7ade Designer<\/td>\n<\/tr>\n<tr>\n<td>Marina Yehia<\/td>\n<\/tr>\n<tr>\n<td>Senior Fa\u00e7ade Designer<\/td>\n<\/tr>\n<tr>\n<td>Hadeer Ibrahim<\/td>\n<\/tr>\n<tr>\n<td>Senior Fa\u00e7ade Designer<\/td>\n<\/tr>\n<tr>\n<td>Bassant Mohamed<\/td>\n<\/tr>\n<tr>\n<td>Fa\u00e7ade Designer<\/td>\n<\/tr>\n<tr>\n<td>Eman Adel<\/td>\n<\/tr>\n<tr>\n<td>Fa\u00e7ade Designer<\/td>\n<\/tr>\n<tr>\n<td>Yasmeen Gamal<\/td>\n<\/tr>\n<tr>\n<td>Fa\u00e7ade Designer<\/td>\n<\/tr>\n<tr>\n<td>Menna Hassan<\/td>\n<\/tr>\n<tr>\n<td>Fa\u00e7ade Designer<\/td>\n<\/tr>\n<tr>\n<td>Haneen Khalid<\/td>\n<\/tr>\n<tr>\n<td>Fa\u00e7ade Designer<\/td>\n<\/tr>\n<tr>\n<td>Israa Mohamed<\/td>\n<\/tr>\n<tr>\n<td>Fa\u00e7ade Designer<\/td>\n<\/tr>\n<tr>\n<td>Merna Maher<\/td>\n<\/tr>\n<tr>\n<td>Fa\u00e7ade Designer<\/td>\n<\/tr>\n<\/tbody>\n<\/table>\n<p>[\/vc_column_text][tm_spacer size=&#8221;lg:40&#8243;][\/vc_column][vc_column width=&#8221;1\/2&#8243; lg_spacing=&#8221;padding_right:20;padding_left:20&#8243; offset=&#8221;vc_col-lg-5&#8243;][tm_team_member style=&#8221;04&#8243; social_networks=&#8221;%5B%7B%22icon_fontawesome5%22%3A%22fa%20fa-adjust%22%2C%22icon_ion%22%3A%22ion-alert%22%2C%22icon_linea%22%3A%22linea-arrows-anticlockwise%22%2C%22icon_linea_svg%22%3A%22linea-arrows-anticlockwise%22%7D%5D&#8221; custom_border_color=&#8221;#b88743&#8243; photo=&#8221;7705&#8243; name=&#8221;Noran Badawi&#8221; position=&#8221;BIM Manager&#8221; lg_spacing=&#8221;border_top:1;border_right:1;border_bottom:1;border_left:1;padding_top:20;padding_right:20;padding_bottom:20;padding_left:20&#8243;][vc_column_text]<\/p>\n<table class=\"member\">\n<tbody>\n<tr>\n<td>Khadr Ismail<\/td>\n<\/tr>\n<tr>\n<td>Team Leader BIM Engineer<\/td>\n<\/tr>\n<tr>\n<td>Hadeer Alaa<\/td>\n<\/tr>\n<tr>\n<td>Team Leader BIM Engineer<\/td>\n<\/tr>\n<tr>\n<td>Raed Aboelftoh<\/td>\n<\/tr>\n<tr>\n<td>Senior BIM Engineer<\/td>\n<\/tr>\n<tr>\n<td>Veronica Moheb<\/td>\n<\/tr>\n<tr>\n<td>Senior BIM Engineer<\/td>\n<\/tr>\n<tr>\n<td>Mohamed Wagdi<\/td>\n<\/tr>\n<tr>\n<td>Senior BIM Draftsman<\/td>\n<\/tr>\n<tr>\n<td>Mariam Abdelhamid<\/td>\n<\/tr>\n<tr>\n<td>Senior BIM Engineer<\/td>\n<\/tr>\n<tr>\n<td>Islam Tarek<\/td>\n<\/tr>\n<tr>\n<td>Junior BIM Engineer<\/td>\n<\/tr>\n<tr>\n<td>Dalia Wageh<\/td>\n<\/tr>\n<tr>\n<td>Junior BIM Engineer<\/td>\n<\/tr>\n<tr>\n<td>Rawan Mohamed<\/td>\n<\/tr>\n<tr>\n<td>Junior BIM Engineer<\/td>\n<\/tr>\n<\/tbody>\n<\/table>\n<p>[\/vc_column_text][\/vc_column][\/vc_row]<\/p>\n<\/div>","protected":false},"excerpt":{"rendered":"<p>[vc_row full_width=&#8221;stretch_row&#8221; overlay_background=&#8221;primary&#8221; overlay_opacity=&#8221;66&#8243; background_image=&#8221;7732&#8243;][vc_column][tm_spacer size=&#8221;lg:340&#8243;][tm_heading custom_google_font=&#8221;&#8221; text_color=&#8221;custom&#8221; custom_text_color=&#8221;#ffffff&#8221; text=&#8221;Director Of Team Sector&#8221;][tm_spacer size=&#8221;lg:40&#8243;][\/vc_column][\/vc_row][vc_row full_width=&#8221;stretch_row&#8221; content_placement=&#8221;top&#8221; background_color=&#8221;custom&#8221; custom_background_color=&#8221;#f5f5f5&#8243; lg_spacing=&#8221;padding_top:40&#8243;][vc_column][tm_team_member style=&#8221;04&#8243; social_networks=&#8221;%5B%7B%22icon_fontawesome5%22%3A%22fa%20fa-adjust%22%2C%22icon_ion%22%3A%22ion-alert%22%2C%22icon_linea%22%3A%22linea-arrows-anticlockwise%22%2C%22icon_linea_svg%22%3A%22linea-arrows-anticlockwise%22%7D%5D&#8221; photo=&#8221;7746&#8243; name=&#8221;DR. MOHAMED AHMED IBRAHIM ABOSHOUK&#8221; position=&#8221;EGYPT OFFICE MANAGER&#8221;][tm_spacer size=&#8221;lg:40&#8243;][\/vc_column][\/vc_row][vc_row full_width=&#8221;stretch_row&#8221; content_placement=&#8221;top&#8221; background_color=&#8221;custom&#8221; custom_background_color=&#8221;#f5f5f5&#8243; lg_spacing=&#8221;padding_top:40&#8243; el_class=&#8221;center-content&#8221;][vc_column width=&#8221;1\/2&#8243; lg_spacing=&#8221;padding_right:20;padding_left:20&#8243; offset=&#8221;vc_col-lg-5&#8243;][tm_team_member style=&#8221;04&#8243; social_networks=&#8221;%5B%7B%22icon_fontawesome5%22%3A%22fa%20fa-adjust%22%2C%22icon_ion%22%3A%22ion-alert%22%2C%22icon_linea%22%3A%22linea-arrows-anticlockwise%22%2C%22icon_linea_svg%22%3A%22linea-arrows-anticlockwise%22%7D%5D&#8221; custom_border_color=&#8221;#b88743&#8243; photo=&#8221;7707&#8243; name=&#8221;Mahmoud Abdelhamid&#8221; position=&#8221;Team leader of Detailing Department&#8221; lg_spacing=&#8221;border_top:1;border_right:1;border_bottom:1;border_left:1;padding_top:20;padding_right:20;padding_bottom:20;padding_left:20&#8243;][vc_column_text] Ahmed Mohsen Senior Steel Detailing Engineer Khaled Atef Senior Steel Detailing Engineer Mohamed Ahmed Senior Steel Detailing Engineer Hassan Ali Senior Steel Draftsman Mahmooud Elhashmy Steel Detailing Engineer Youssef Kamal Steel Detailing Engineer Mahmoud Abdelnasser Steel Detailing Engineer Marawan Elameen Steel Detailing Engineer Marko Magdy Steel Detailing Engineer [\/vc_column_text][\/vc_column][vc_column width=&#8221;1\/2&#8243; lg_spacing=&#8221;padding_right:20;padding_left:20&#8243; offset=&#8221;vc_col-lg-5&#8243;][tm_team_member style=&#8221;04&#8243; social_networks=&#8221;%5B%7B%22icon_fontawesome5%22%3A%22fa%20fa-adjust%22%2C%22icon_ion%22%3A%22ion-alert%22%2C%22icon_linea%22%3A%22linea-arrows-anticlockwise%22%2C%22icon_linea_svg%22%3A%22linea-arrows-anticlockwise%22%7D%5D&#8221; custom_border_color=&#8221;#b88743&#8243; photo=&#8221;7701&#8243; name=&#8221;Ahmed Osama&#8221; position=&#8221;Team Leader Of Steel Structure Department&#8221; lg_spacing=&#8221;border_top:1;border_right:1;border_bottom:1;border_left:1;padding_top:20;padding_right:20;padding_bottom:20;padding_left:20&#8243;][vc_column_text] Ahmed Shaaban Senior of Steel Engineering Department Kyrolos Zarzor Senior of Steel Engineering Department Ahmed Ezzat Steel Structure Engineer Mohamed Abdelsalam Steel Structure Engineer Mohamed Shaaban Steel Structure Engineer [\/vc_column_text][\/vc_column][\/vc_row][vc_row full_width=&#8221;stretch_row&#8221; content_placement=&#8221;top&#8221; lg_spacing=&#8221;padding_top:40&#8243; el_class=&#8221;center-content&#8221;][vc_column width=&#8221;1\/2&#8243; lg_spacing=&#8221;padding_right:20;padding_left:20&#8243; offset=&#8221;vc_col-lg-5&#8243;][tm_team_member style=&#8221;04&#8243; social_networks=&#8221;%5B%7B%22icon_fontawesome5%22%3A%22fa%20fa-adjust%22%2C%22icon_ion%22%3A%22ion-alert%22%2C%22icon_linea%22%3A%22linea-arrows-anticlockwise%22%2C%22icon_linea_svg%22%3A%22linea-arrows-anticlockwise%22%7D%5D&#8221; custom_border_color=&#8221;#b88743&#8243; photo=&#8221;7703&#8243; name=&#8221;Nancy Hassan&#8221; position=&#8221;Fa\u00e7ade Manager&#8221; lg_spacing=&#8221;border_top:1;border_right:1;border_bottom:1;border_left:1;padding_top:20;padding_right:20;padding_bottom:20;padding_left:20&#8243;][vc_column_text] Yasmin Abdalla FA\u00c7ADE Team Leader Norhan Mohamed Senior Fa\u00e7ade Designer Marina Yehia Senior Fa\u00e7ade Designer Hadeer Ibrahim Senior Fa\u00e7ade Designer Bassant Mohamed Fa\u00e7ade Designer Eman Adel Fa\u00e7ade Designer Yasmeen Gamal Fa\u00e7ade Designer Menna Hassan Fa\u00e7ade Designer Haneen Khalid Fa\u00e7ade Designer Israa Mohamed Fa\u00e7ade Designer Merna Maher Fa\u00e7ade Designer [\/vc_column_text][tm_spacer size=&#8221;lg:40&#8243;][\/vc_column][vc_column width=&#8221;1\/2&#8243; lg_spacing=&#8221;padding_right:20;padding_left:20&#8243; offset=&#8221;vc_col-lg-5&#8243;][tm_team_member style=&#8221;04&#8243; social_networks=&#8221;%5B%7B%22icon_fontawesome5%22%3A%22fa%20fa-adjust%22%2C%22icon_ion%22%3A%22ion-alert%22%2C%22icon_linea%22%3A%22linea-arrows-anticlockwise%22%2C%22icon_linea_svg%22%3A%22linea-arrows-anticlockwise%22%7D%5D&#8221; custom_border_color=&#8221;#b88743&#8243; photo=&#8221;7705&#8243; name=&#8221;Noran Badawi&#8221; position=&#8221;BIM Manager&#8221; lg_spacing=&#8221;border_top:1;border_right:1;border_bottom:1;border_left:1;padding_top:20;padding_right:20;padding_bottom:20;padding_left:20&#8243;][vc_column_text] Khadr Ismail Team Leader BIM Engineer Hadeer Alaa Team Leader BIM Engineer Raed Aboelftoh Senior BIM Engineer Veronica Moheb Senior BIM Engineer Mohamed Wagdi Senior BIM Draftsman Mariam Abdelhamid Senior BIM Engineer Islam Tarek Junior BIM Engineer Dalia Wageh Junior BIM Engineer Rawan Mohamed Junior BIM Engineer [\/vc_column_text][\/vc_column][\/vc_row]<\/p>\n","protected":false},"author":1,"featured_media":0,"parent":0,"menu_order":0,"comment_status":"closed","ping_status":"closed","template":"","meta":{"footnotes":""},"class_list":["post-8430","page","type-page","status-publish","hentry","post-no-thumbnail"],"_links":{"self":[{"href":"https:\/\/warning-safety.com\/alshowla\/wp-json\/wp\/v2\/pages\/8430","targetHints":{"allow":["GET"]}}],"collection":[{"href":"https:\/\/warning-safety.com\/alshowla\/wp-json\/wp\/v2\/pages"}],"about":[{"href":"https:\/\/warning-safety.com\/alshowla\/wp-json\/wp\/v2\/types\/page"}],"author":[{"embeddable":true,"href":"https:\/\/warning-safety.com\/alshowla\/wp-json\/wp\/v2\/users\/1"}],"replies":[{"embeddable":true,"href":"https:\/\/warning-safety.com\/alshowla\/wp-json\/wp\/v2\/comments?post=8430"}],"version-history":[{"count":8,"href":"https:\/\/warning-safety.com\/alshowla\/wp-json\/wp\/v2\/pages\/8430\/revisions"}],"predecessor-version":[{"id":8730,"href":"https:\/\/warning-safety.com\/alshowla\/wp-json\/wp\/v2\/pages\/8430\/revisions\/8730"}],"wp:attachment":[{"href":"https:\/\/warning-safety.com\/alshowla\/wp-json\/wp\/v2\/media?parent=8430"}],"curies":[{"name":"wp","href":"https:\/\/api.w.org\/{rel}","templated":true}]}}